{"id":3,"date":"2023-07-30T14:16:13","date_gmt":"2023-07-30T12:16:13","guid":{"rendered":"http:\/\/www.caroocreations.com\/?page_id=3"},"modified":"2024-10-07T15:13:32","modified_gmt":"2024-10-07T13:13:32","slug":"politique-de-confidentialite","status":"publish","type":"page","link":"https:\/\/www.caroocreations.com\/?page_id=3","title":{"rendered":"Politique de confidentialit\u00e9"},"content":{"rendered":"\n<p class=\"wp-block-paragraph\"><strong>POLITIQUE DE CONFIDENTIALIT\u00c9<\/strong><\/p>\n\n\n\n<p class=\"wp-block-paragraph\">Chez Caroo Cr\u00e9ations, la protection de vos donn\u00e9es personnelles est essentielle.<\/p>\n\n\n\n<p class=\"wp-block-paragraph\">Lors de votre utilisation du site internet <a href=\"http:\/\/www.caroocreations.fr\">www.caroocreations.<\/a>com\u00a0 , nous sommes amen\u00e9s \u00e0 recueillir des donn\u00e9es \u00e0 caract\u00e8re personnel vous concernant. <\/p>\n\n\n\n<p class=\"wp-block-paragraph\"><\/p>\n\n\n\n<p class=\"wp-block-paragraph\">Le but de cette politique est de vous informer sur les modalit\u00e9s selon lesquelles nous traitons ces donn\u00e9es en conformit\u00e9 avec le R\u00e8glement (UE) 2016\/679 du 27 avril 2016 relatif \u00e0 la protection des personnes physiques \u00e0 l&rsquo;\u00e9gard du traitement des donn\u00e9es \u00e0 caract\u00e8re personnel et \u00e0 la libre circulation de ces donn\u00e9es (ci-apr\u00e8s le \u00ab&nbsp;<strong>RGPD<\/strong>&nbsp;\u00bb).<\/p>\n\n\n\n<ol class=\"wp-block-list\">\n<li><strong>Qui est le responsable de traitement\u00a0?<\/strong><\/li>\n<\/ol>\n\n\n\n<p class=\"wp-block-paragraph\">Le responsable de traitement est la soci\u00e9t\u00e9 Caroo Cr\u00e9ations, Entreprise Individuelle, immatricul\u00e9e sous le n\u00b0 95111922100012 et dont le si\u00e8ge social est situ\u00e9 \u00e0 Soultz les Bains <\/p>\n\n\n\n<ol start=\"2\" class=\"wp-block-list\">\n<li><strong>Quelles donn\u00e9es collectons-nous\u00a0?\u00a0<\/strong><\/li>\n<\/ol>\n\n\n\n<p class=\"wp-block-paragraph\">Une donn\u00e9e \u00e0 caract\u00e8re personnel est une donn\u00e9e qui permet d\u2019identifier un individu directement ou par recoupement avec d\u2019autres donn\u00e9es.&nbsp;<\/p>\n\n\n\n<p class=\"wp-block-paragraph\">Nous collectons des donn\u00e9es qui rel\u00e8vent des cat\u00e9gories suivantes :<\/p>\n\n\n\n<ul class=\"wp-block-list\">\n<li><strong>Des donn\u00e9es d\u2019identification<\/strong> (notamment vos nom, pr\u00e9noms, adresse email et postale, num\u00e9ro de t\u00e9l\u00e9phone)\u00a0;<\/li>\n\n\n\n<li><strong>Des donn\u00e9es relatives \u00e0 vos commandes\u00a0;<\/strong><\/li>\n\n\n\n<li><strong>Des donn\u00e9es de connexion <\/strong>(par exemple adresse IP, logs) <strong>;<\/strong><\/li>\n\n\n\n<li><strong>Des donn\u00e9es relatives au paiement, mais sans r\u00e9cup\u00e9ration, ni conservation des moyens de paiement.<\/strong><\/li>\n<\/ul>\n\n\n\n<p class=\"wp-block-paragraph\">Les donn\u00e9es obligatoires sont indiqu\u00e9es lorsque vous nous fournissez vos donn\u00e9es. Elles sont signal\u00e9es par un ast\u00e9risque et sont n\u00e9cessaires pour vous fournir nos services.<\/p>\n\n\n\n<ol start=\"3\" class=\"wp-block-list\">\n<li><strong>Sur quelles bases l\u00e9gales, pour quelles finalit\u00e9s et pendant combien de temps conservons-nous vos donn\u00e9es personnelles ?<\/strong><\/li>\n<\/ol>\n\n\n\n<figure class=\"wp-block-table\"><table class=\"has-fixed-layout\"><tbody><tr><td><br><strong>Finalit\u00e9s<\/strong><\/td><td><br><strong>Bases l\u00e9gales<\/strong><\/td><td><br><strong>Dur\u00e9es de conservation<\/strong><\/td><\/tr><tr><td>Ex\u00e9cuter votre commande, effectuer les op\u00e9rations relatives \u00e0 la gestion de nos clients concernant les commandes, livraisons, factures, et suivi de la relation contractuelle avec nos clients<\/td><td>Ex\u00e9cution du contrat que vous ou votre soci\u00e9t\u00e9 avez souscrit avec Nous<\/td><td>Les donn\u00e9es personnelles sont conserv\u00e9es pendant toute la dur\u00e9e de la relation contractuelle.<br>Vos factures sont archiv\u00e9es pendant une dur\u00e9e de 10 ans.<br>En outre, vos donn\u00e9es (\u00e0 l\u2019exception de vos coordonn\u00e9es bancaires) sont archiv\u00e9es \u00e0 des fins probatoires pendant une dur\u00e9e de 5 ans.<br>Concernant les donn\u00e9es relatives \u00e0 votre carte bancaire, elles sont conserv\u00e9es par notre prestataire de service de paiement (\u00e0 compl\u00e9ter).<\/td><\/tr><tr><td>Adresser des newsletters, sollicitations et messages promotionnels \u00e0 nos clients<\/td><td>Notre int\u00e9r\u00eat l\u00e9gitime \u00e0 fid\u00e9liser et informer nos clients de nos derni\u00e8res actualit\u00e9s<\/td><td>Les donn\u00e9es sont conserv\u00e9es pendant 3 ans \u00e0 compter de votre dernier contact avec Nous<\/td><\/tr><tr><td>Adresser des newsletters, sollicitations et messages promotionnels \u00e0 nos prospects<\/td><td>Prospects BtoC&nbsp;: Votre consentement<\/td><td>Les donn\u00e9es sont conserv\u00e9es pendant 3 ans \u00e0 compter de votre dernier contact avec Nous ou jusqu\u2019au retrait de votre consentement.<\/td><\/tr><tr><td>G\u00e9rer les demandes d\u2019exercice de droits<\/td><td>Notre int\u00e9r\u00eat l\u00e9gitime \u00e0 r\u00e9pondre \u00e0 vos demandes et \u00e0 conserver un suivi de celles-ci<\/td><td>Si nous vous demandons un justificatif d\u2019identit\u00e9&nbsp;: nous le conservons seulement pendant le temps n\u00e9cessaire \u00e0 la v\u00e9rification d\u2019identit\u00e9. Une fois la v\u00e9rification effectu\u00e9e, le justificatif est supprim\u00e9.<br>Si vous exercez votre droit d\u2019opposition \u00e0 recevoir de la prospection&nbsp;: nous conservons cette information pendant 3 ans.<\/td><\/tr><\/tbody><\/table><\/figure>\n\n\n\n<ol start=\"4\" class=\"wp-block-list\">\n<li><strong>Qui sont les destinataires de vos donn\u00e9es\u00a0?\u00a0<\/strong><\/li>\n<\/ol>\n\n\n\n<p class=\"wp-block-paragraph\">Auront acc\u00e8s \u00e0 vos donn\u00e9es \u00e0 caract\u00e8re personnel&nbsp;:<\/p>\n\n\n\n<ol class=\"wp-block-list\">\n<li>Le personnel de notre soci\u00e9t\u00e9 ;<\/li>\n\n\n\n<li>Nos sous-traitants\u00a0: prestataires d\u2019h\u00e9bergement, prestataire d\u2019emailing, outil CRM, prestataire de paiement,\u00a0<\/li>\n\n\n\n<li>Prestataire de service de livraison et de transport ;\u00a0<\/li>\n\n\n\n<li>Le cas \u00e9ch\u00e9ant\u00a0: les organismes publics et priv\u00e9s, exclusivement pour r\u00e9pondre \u00e0 nos obligations l\u00e9gales.<\/li>\n<\/ol>\n\n\n\n<ol start=\"5\" class=\"wp-block-list\">\n<li><strong>Vos donn\u00e9es sont-elles susceptibles d\u2019\u00eatre transf\u00e9r\u00e9es hors de l\u2019Union europ\u00e9enne\u00a0?\u00a0<\/strong><\/li>\n<\/ol>\n\n\n\n<p class=\"wp-block-paragraph\">Vos donn\u00e9es sont conserv\u00e9es et stock\u00e9es pendant toute la dur\u00e9e des traitements sur les serveurs de la soci\u00e9t\u00e9 OVH, situ\u00e9s \u00e0 Gravelines.<\/p>\n\n\n\n<ol start=\"6\" class=\"wp-block-list\">\n<li><strong>Quels sont vos droits sur vos donn\u00e9es ?<\/strong><\/li>\n<\/ol>\n\n\n\n<p class=\"wp-block-paragraph\">Vous disposez des droits suivants s\u2019agissant de vos donn\u00e9es personnelles&nbsp;:<\/p>\n\n\n\n<ul class=\"wp-block-list\">\n<li><strong>Droit \u00e0 l\u2019information<\/strong>\u00a0: c\u2019est justement la raison pour laquelle nous avons r\u00e9dig\u00e9 la pr\u00e9sente politique. Ce droit est pr\u00e9vu par les articles 13 et 14 du RGPD.\u00a0<\/li>\n<\/ul>\n\n\n\n<ul class=\"wp-block-list\">\n<li><strong>Droit d\u2019acc\u00e8s<\/strong>\u00a0: vous avez le droit d\u2019acc\u00e9der \u00e0 tout moment \u00e0 l\u2019ensemble de vos donn\u00e9es personnelles, en vertu de l\u2019article 15 du RGPD.<\/li>\n<\/ul>\n\n\n\n<ul class=\"wp-block-list\">\n<li><strong>Droit de rectification<\/strong>\u00a0: vous avez le droit de rectifier \u00e0 tout moment vos donn\u00e9es personnelles inexactes, incompl\u00e8tes ou obsol\u00e8tes conform\u00e9ment \u00e0 l\u2019article 16 du RGPD<\/li>\n<\/ul>\n\n\n\n<ul class=\"wp-block-list\">\n<li><strong>Droit \u00e0 la limitation<\/strong>\u00a0: vous avez le droit d\u2019obtenir la limitation du traitement de vos donn\u00e9es personnelles dans certains cas d\u00e9finis \u00e0 l\u2019article 18 du RGPD.<\/li>\n<\/ul>\n\n\n\n<ul class=\"wp-block-list\">\n<li><strong>Droit \u00e0 l\u2019effacement<\/strong>\u00a0: vous avez le droit d\u2019exiger que vos donn\u00e9es personnelles soient effac\u00e9es, et d\u2019en interdire toute collecte future pour les motifs \u00e9nonc\u00e9s \u00e0 l\u2019article 17 du RGPD<\/li>\n<\/ul>\n\n\n\n<ul class=\"wp-block-list\">\n<li><strong>Droit d\u2019introduire une r\u00e9clamation aupr\u00e8s d\u2019une autorit\u00e9 de contr\u00f4le comp\u00e9tente<\/strong> (en France, la CNIL), si vous consid\u00e9rez que le traitement de vos donn\u00e9es personnelles constitue une violation des textes applicables. (Article 77 du RGPD)<\/li>\n<\/ul>\n\n\n\n<ul class=\"wp-block-list\">\n<li><strong>Droit de d\u00e9finir des directives relatives \u00e0 la conservation, \u00e0 l\u2019effacement et \u00e0 la communication de vos donn\u00e9es personnelles apr\u00e8s votre mort<\/strong>.\u00a0<\/li>\n<\/ul>\n\n\n\n<ul class=\"wp-block-list\">\n<li><strong>Droit de retirer votre consentement \u00e0 tout moment<\/strong>\u00a0: pour les finalit\u00e9s fond\u00e9es sur le consentement, l\u2019article 7 du RGPD dispose que vous pouvez retirer votre consentement \u00e0 tout moment. Ce retrait ne remettra pas en cause la l\u00e9galit\u00e9 du traitement effectu\u00e9 avant le retrait.<\/li>\n<\/ul>\n\n\n\n<ul class=\"wp-block-list\">\n<li><strong>Droit \u00e0 la portabilit\u00e9<\/strong>\u00a0: selon certaines conditions pr\u00e9cis\u00e9es \u00e0 l\u2019article 20 du RGPD, vous avez le droit de recevoir les donn\u00e9es personnelles que vous nous avez fournies dans un format standard lisible par machine et d\u2019exiger leur transfert au destinataire de votre choix.<\/li>\n<\/ul>\n\n\n\n<ul class=\"wp-block-list\">\n<li><strong>Droit d\u2019opposition<\/strong>\u00a0: en vertu de l\u2019article 21 du RGPD, vous avez le droit de vous opposer au traitement de vos donn\u00e9es personnelles. Notez toutefois que nous pourrons maintenir leur traitement malgr\u00e9 cette opposition, pour des motifs l\u00e9gitimes ou la d\u00e9fense de droits en justice.<\/li>\n<\/ul>\n\n\n\n<p class=\"wp-block-paragraph\">Vous pouvez exercer ces droits en nous \u00e9crivant aux coordonn\u00e9es ci-dessous. Nous pourrons vous demander \u00e0 cette occasion de nous fournir des informations ou documents compl\u00e9mentaires pour justifier votre identit\u00e9.&nbsp;<\/p>\n\n\n\n<ol start=\"7\" class=\"wp-block-list\">\n<li><strong>Point de contact en mati\u00e8re de donn\u00e9es personnelles\u00a0<\/strong><\/li>\n<\/ol>\n\n\n\n<p class=\"wp-block-paragraph\">Email de contact : caroline@caroocreations.com<\/p>\n\n\n\n<p class=\"wp-block-paragraph\">Adresse de contact : 7 rue Saint S\u00e9bastien, F-67120 Soultz les Bains<\/p>\n\n\n\n<ol start=\"8\" class=\"wp-block-list\">\n<li><strong>Modifications<\/strong><\/li>\n<\/ol>\n\n\n\n<p class=\"wp-block-paragraph\">Nous pouvons modifier \u00e0 tout moment la pr\u00e9sente politique, afin notamment de nous conformer \u00e0 toutes \u00e9volutions r\u00e9glementaires, jurisprudentielles, \u00e9ditoriales ou techniques. Ces modifications s\u2019appliqueront \u00e0 la date d\u2019entr\u00e9e en vigueur de la version modifi\u00e9e. Vous \u00eates donc invit\u00e9 \u00e0 consulter r\u00e9guli\u00e8rement la derni\u00e8re version de cette politique. N\u00e9anmoins, nous vous tiendrons inform\u00e9(e) de toute modification significative de la pr\u00e9sente politique de confidentialit\u00e9.<\/p>\n\n\n\n<p class=\"wp-block-paragraph\">Entr\u00e9e en vigueur : octobre 2024<\/p>\n","protected":false},"excerpt":{"rendered":"<p>POLITIQUE DE CONFIDENTIALIT\u00c9 Chez Caroo Cr\u00e9ations, la protection de vos donn\u00e9es personnelles est essentielle. Lors de votre utilisation du site internet www.caroocreations.com\u00a0 , nous sommes amen\u00e9s \u00e0 recueillir des donn\u00e9es \u00e0 caract\u00e8re personnel vous concernant. Le but de cette politique est de vous informer sur les modalit\u00e9s selon lesquelles nous traitons ces donn\u00e9es en conformit\u00e9 [&hellip;]<\/p>\n","protected":false},"author":1,"featured_media":0,"parent":0,"menu_order":0,"comment_status":"closed","ping_status":"open","template":"","meta":{"_crdt_document":"","jetpack_post_was_ever_published":false,"footnotes":""},"class_list":["post-3","page","type-page","status-publish","hentry"],"yoast_head":"<!-- This site is optimized with the Yoast SEO plugin v27.1.1 - https:\/\/yoast.com\/product\/yoast-seo-wordpress\/ -->\n<title>Politique de confidentialit\u00e9 - Caroo Creations<\/title>\n<meta name=\"robots\" content=\"index, follow, max-snippet:-1, max-image-preview:large, max-video-preview:-1\" \/>\n<link rel=\"canonical\" href=\"https:\/\/www.caroocreations.com\/?page_id=3\" \/>\n<meta property=\"og:locale\" content=\"fr_FR\" \/>\n<meta property=\"og:type\" content=\"article\" \/>\n<meta property=\"og:title\" content=\"Politique de confidentialit\u00e9 - Caroo Creations\" \/>\n<meta property=\"og:description\" content=\"POLITIQUE DE CONFIDENTIALIT\u00c9 Chez Caroo Cr\u00e9ations, la protection de vos donn\u00e9es personnelles est essentielle. Lors de votre utilisation du site internet www.caroocreations.com\u00a0 , nous sommes amen\u00e9s \u00e0 recueillir des donn\u00e9es \u00e0 caract\u00e8re personnel vous concernant. Le but de cette politique est de vous informer sur les modalit\u00e9s selon lesquelles nous traitons ces donn\u00e9es en conformit\u00e9 [&hellip;]\" \/>\n<meta property=\"og:url\" content=\"https:\/\/www.caroocreations.com\/?page_id=3\" \/>\n<meta property=\"og:site_name\" content=\"Caroo Creations\" \/>\n<meta property=\"article:publisher\" content=\"https:\/\/www.facebook.com\/caroocreations\" \/>\n<meta property=\"article:modified_time\" content=\"2024-10-07T13:13:32+00:00\" \/>\n<meta name=\"twitter:card\" content=\"summary_large_image\" \/>\n<meta name=\"twitter:label1\" content=\"Dur\u00e9e de lecture estim\u00e9e\" \/>\n\t<meta name=\"twitter:data1\" content=\"6 minutes\" \/>\n<script type=\"application\/ld+json\" class=\"yoast-schema-graph\">{\"@context\":\"https:\/\/schema.org\",\"@graph\":[{\"@type\":\"WebPage\",\"@id\":\"https:\/\/www.caroocreations.com\/?page_id=3\",\"url\":\"https:\/\/www.caroocreations.com\/?page_id=3\",\"name\":\"Politique de confidentialit\u00e9 - Caroo Creations\",\"isPartOf\":{\"@id\":\"https:\/\/www.caroocreations.com\/#website\"},\"datePublished\":\"2023-07-30T12:16:13+00:00\",\"dateModified\":\"2024-10-07T13:13:32+00:00\",\"breadcrumb\":{\"@id\":\"https:\/\/www.caroocreations.com\/?page_id=3#breadcrumb\"},\"inLanguage\":\"fr-FR\",\"potentialAction\":[{\"@type\":\"ReadAction\",\"target\":[\"https:\/\/www.caroocreations.com\/?page_id=3\"]}]},{\"@type\":\"BreadcrumbList\",\"@id\":\"https:\/\/www.caroocreations.com\/?page_id=3#breadcrumb\",\"itemListElement\":[{\"@type\":\"ListItem\",\"position\":1,\"name\":\"Accueil\",\"item\":\"https:\/\/www.caroocreations.com\/\"},{\"@type\":\"ListItem\",\"position\":2,\"name\":\"Politique de confidentialit\u00e9\"}]},{\"@type\":\"WebSite\",\"@id\":\"https:\/\/www.caroocreations.com\/#website\",\"url\":\"https:\/\/www.caroocreations.com\/\",\"name\":\"Caroo Creations\",\"description\":\"Low fashion mode &amp; accessoires\",\"publisher\":{\"@id\":\"https:\/\/www.caroocreations.com\/#organization\"},\"potentialAction\":[{\"@type\":\"SearchAction\",\"target\":{\"@type\":\"EntryPoint\",\"urlTemplate\":\"https:\/\/www.caroocreations.com\/?s={search_term_string}\"},\"query-input\":{\"@type\":\"PropertyValueSpecification\",\"valueRequired\":true,\"valueName\":\"search_term_string\"}}],\"inLanguage\":\"fr-FR\"},{\"@type\":\"Organization\",\"@id\":\"https:\/\/www.caroocreations.com\/#organization\",\"name\":\"Caroo Creations\",\"url\":\"https:\/\/www.caroocreations.com\/\",\"logo\":{\"@type\":\"ImageObject\",\"inLanguage\":\"fr-FR\",\"@id\":\"https:\/\/www.caroocreations.com\/#\/schema\/logo\/image\/\",\"url\":\"https:\/\/www.caroocreations.com\/wp-content\/uploads\/2023\/07\/logovf-caroo-creations.jpg\",\"contentUrl\":\"https:\/\/www.caroocreations.com\/wp-content\/uploads\/2023\/07\/logovf-caroo-creations.jpg\",\"width\":532,\"height\":410,\"caption\":\"Caroo Creations\"},\"image\":{\"@id\":\"https:\/\/www.caroocreations.com\/#\/schema\/logo\/image\/\"},\"sameAs\":[\"https:\/\/www.facebook.com\/caroocreations\",\"https:\/\/www.instagram.com\/caroocreations\/\",\"https:\/\/www.youtube.com\/@carolinewilt3837\",\"https:\/\/www.threads.net\/\"]}]}<\/script>\n<!-- \/ Yoast SEO plugin. -->","yoast_head_json":{"title":"Politique de confidentialit\u00e9 - Caroo Creations","robots":{"index":"index","follow":"follow","max-snippet":"max-snippet:-1","max-image-preview":"max-image-preview:large","max-video-preview":"max-video-preview:-1"},"canonical":"https:\/\/www.caroocreations.com\/?page_id=3","og_locale":"fr_FR","og_type":"article","og_title":"Politique de confidentialit\u00e9 - Caroo Creations","og_description":"POLITIQUE DE CONFIDENTIALIT\u00c9 Chez Caroo Cr\u00e9ations, la protection de vos donn\u00e9es personnelles est essentielle. Lors de votre utilisation du site internet www.caroocreations.com\u00a0 , nous sommes amen\u00e9s \u00e0 recueillir des donn\u00e9es \u00e0 caract\u00e8re personnel vous concernant. Le but de cette politique est de vous informer sur les modalit\u00e9s selon lesquelles nous traitons ces donn\u00e9es en conformit\u00e9 [&hellip;]","og_url":"https:\/\/www.caroocreations.com\/?page_id=3","og_site_name":"Caroo Creations","article_publisher":"https:\/\/www.facebook.com\/caroocreations","article_modified_time":"2024-10-07T13:13:32+00:00","twitter_card":"summary_large_image","twitter_misc":{"Dur\u00e9e de lecture estim\u00e9e":"6 minutes"},"schema":{"@context":"https:\/\/schema.org","@graph":[{"@type":"WebPage","@id":"https:\/\/www.caroocreations.com\/?page_id=3","url":"https:\/\/www.caroocreations.com\/?page_id=3","name":"Politique de confidentialit\u00e9 - Caroo Creations","isPartOf":{"@id":"https:\/\/www.caroocreations.com\/#website"},"datePublished":"2023-07-30T12:16:13+00:00","dateModified":"2024-10-07T13:13:32+00:00","breadcrumb":{"@id":"https:\/\/www.caroocreations.com\/?page_id=3#breadcrumb"},"inLanguage":"fr-FR","potentialAction":[{"@type":"ReadAction","target":["https:\/\/www.caroocreations.com\/?page_id=3"]}]},{"@type":"BreadcrumbList","@id":"https:\/\/www.caroocreations.com\/?page_id=3#breadcrumb","itemListElement":[{"@type":"ListItem","position":1,"name":"Accueil","item":"https:\/\/www.caroocreations.com\/"},{"@type":"ListItem","position":2,"name":"Politique de confidentialit\u00e9"}]},{"@type":"WebSite","@id":"https:\/\/www.caroocreations.com\/#website","url":"https:\/\/www.caroocreations.com\/","name":"Caroo Creations","description":"Low fashion mode &amp; accessoires","publisher":{"@id":"https:\/\/www.caroocreations.com\/#organization"},"potentialAction":[{"@type":"SearchAction","target":{"@type":"EntryPoint","urlTemplate":"https:\/\/www.caroocreations.com\/?s={search_term_string}"},"query-input":{"@type":"PropertyValueSpecification","valueRequired":true,"valueName":"search_term_string"}}],"inLanguage":"fr-FR"},{"@type":"Organization","@id":"https:\/\/www.caroocreations.com\/#organization","name":"Caroo Creations","url":"https:\/\/www.caroocreations.com\/","logo":{"@type":"ImageObject","inLanguage":"fr-FR","@id":"https:\/\/www.caroocreations.com\/#\/schema\/logo\/image\/","url":"https:\/\/www.caroocreations.com\/wp-content\/uploads\/2023\/07\/logovf-caroo-creations.jpg","contentUrl":"https:\/\/www.caroocreations.com\/wp-content\/uploads\/2023\/07\/logovf-caroo-creations.jpg","width":532,"height":410,"caption":"Caroo Creations"},"image":{"@id":"https:\/\/www.caroocreations.com\/#\/schema\/logo\/image\/"},"sameAs":["https:\/\/www.facebook.com\/caroocreations","https:\/\/www.instagram.com\/caroocreations\/","https:\/\/www.youtube.com\/@carolinewilt3837","https:\/\/www.threads.net\/"]}]}},"jetpack_sharing_enabled":true,"_links":{"self":[{"href":"https:\/\/www.caroocreations.com\/index.php?rest_route=\/wp\/v2\/pages\/3","targetHints":{"allow":["GET"]}}],"collection":[{"href":"https:\/\/www.caroocreations.com\/index.php?rest_route=\/wp\/v2\/pages"}],"about":[{"href":"https:\/\/www.caroocreations.com\/index.php?rest_route=\/wp\/v2\/types\/page"}],"author":[{"embeddable":true,"href":"https:\/\/www.caroocreations.com\/index.php?rest_route=\/wp\/v2\/users\/1"}],"replies":[{"embeddable":true,"href":"https:\/\/www.caroocreations.com\/index.php?rest_route=%2Fwp%2Fv2%2Fcomments&post=3"}],"version-history":[{"count":0,"href":"https:\/\/www.caroocreations.com\/index.php?rest_route=\/wp\/v2\/pages\/3\/revisions"}],"wp:attachment":[{"href":"https:\/\/www.caroocreations.com\/index.php?rest_route=%2Fwp%2Fv2%2Fmedia&parent=3"}],"curies":[{"name":"wp","href":"https:\/\/api.w.org\/{rel}","templated":true}]}}