{"id":7,"date":"2023-05-01T18:27:22","date_gmt":"2023-05-01T16:27:22","guid":{"rendered":"https:\/\/caroocreationsfr.wordpress.com\/home-2\/"},"modified":"2023-08-04T17:43:13","modified_gmt":"2023-08-04T15:43:13","slug":"home-2","status":"publish","type":"page","link":"https:\/\/www.caroocreations.com\/?page_id=7","title":{"rendered":"Blog &#8211; Derni\u00e8res cr\u00e9ations"},"content":{"rendered":"\n<div class=\"wp-block-query is-layout-flow wp-block-query-is-layout-flow\"><ul class=\"wp-block-post-template is-layout-flow wp-block-post-template-is-layout-flow\"><li class=\"wp-block-post post-774 post type-post status-publish format-standard hentry category-non-classe\">\n<h2 class=\"wp-block-post-title\"><a href=\"https:\/\/www.caroocreations.com\/?p=774\" target=\"_self\" >Caroo Cr\u00e9ations \u00e9volue : une d\u00e9cision de c\u0153ur (et de vie)<\/a><\/h2>\n\n\n\n<div class=\"wp-block-post-excerpt\"><p class=\"wp-block-post-excerpt__excerpt\">Ces derniers mois, ma vie a connu quelques bouleversements. J\u2019ai repris un travail en semaine.Mon \u00e9quilibre familial a \u00e9volu\u00e9.Mes priorit\u00e9s se sont ajust\u00e9es. Et pendant un moment, j\u2019ai pens\u00e9 arr\u00eater Caroo Cr\u00e9ations. Vraiment arr\u00eater. Entre le rythme de la semaine, la vie de famille, l\u2019organisation\u2026Je me suis dit que ce serait plus simple. Plus raisonnable.\u2026<\/p><p class=\"wp-block-post-excerpt__more-text\"><a class=\"wp-block-post-excerpt__more-link\" href=\"https:\/\/www.caroocreations.com\/?p=774\">Lire la suite<\/a><\/p><\/div>\n\n\n<hr class=\"wp-block-separator has-css-opacity\"\/>\n\n\n<div class=\"wp-block-post-date\"><time datetime=\"2026-02-20T14:10:48+01:00\">20 f\u00e9vrier 2026<\/time><\/div>\n<\/li><li class=\"wp-block-post post-707 post type-post status-publish format-standard hentry category-non-classe\">\n<h2 class=\"wp-block-post-title\"><a href=\"https:\/\/www.caroocreations.com\/?p=707\" target=\"_self\" >D\u00e9couvrez mes deux nouveaut\u00e9s : ateliers de retouche sur Wooskill et mon partenariat avec Tingit !<\/a><\/h2>\n\n\n\n<div class=\"wp-block-post-excerpt\"><p class=\"wp-block-post-excerpt__excerpt\">D\u00e9couvrez mes deux nouveaut\u00e9s : ateliers de retouche sur Wooskill et mon partenariat avec Tingit ! Je suis tr\u00e8s heureuse de vous annoncer deux grandes nouveaut\u00e9s qui enrichissent mon activit\u00e9 et me permettent de r\u00e9pondre encore mieux \u00e0 vos besoins. Entre l\u2019apprentissage en ligne et un service accessible \u00e0 distance, je suis convaincue que ces\u2026<\/p><p class=\"wp-block-post-excerpt__more-text\"><a class=\"wp-block-post-excerpt__more-link\" href=\"https:\/\/www.caroocreations.com\/?p=707\">Lire la suite<\/a><\/p><\/div>\n\n\n<hr class=\"wp-block-separator has-css-opacity\"\/>\n\n\n<div class=\"wp-block-post-date\"><time datetime=\"2025-01-17T21:01:14+01:00\">17 janvier 2025<\/time><\/div>\n<\/li><li class=\"wp-block-post post-651 post type-post status-publish format-standard hentry category-non-classe\">\n<h2 class=\"wp-block-post-title\"><a href=\"https:\/\/www.caroocreations.com\/?p=651\" target=\"_self\" >Sacs \u00e0 Projet Couture et Tricot<\/a><\/h2>\n\n\n\n<div class=\"wp-block-post-excerpt\"><p class=\"wp-block-post-excerpt__excerpt\">Nouvelle Collection en \u00c9dition Limit\u00e9e pour l\u2019Anniversaire de Cousette et Repelote Pour c\u00e9l\u00e9brer l\u2019anniversaire de la mercerie Cousette et Repelote, j\u2019ai eu la chance de collaborer avec Lou Anne pour cr\u00e9er une collection exclusive de sacs \u00e0 projet couture et tricot. Ces sacs sont parfaits pour ranger et transporter facilement tous vos accessoires de couture\u2026<\/p><p class=\"wp-block-post-excerpt__more-text\"><a class=\"wp-block-post-excerpt__more-link\" href=\"https:\/\/www.caroocreations.com\/?p=651\">Lire la suite<\/a><\/p><\/div>\n\n\n<hr class=\"wp-block-separator has-css-opacity\"\/>\n\n\n<div class=\"wp-block-post-date\"><time datetime=\"2024-10-25T07:52:13+02:00\">25 octobre 2024<\/time><\/div>\n<\/li><\/ul><\/div>\n","protected":false},"excerpt":{"rendered":"","protected":false},"author":2,"featured_media":0,"parent":0,"menu_order":0,"comment_status":"closed","ping_status":"closed","template":"","meta":{"_crdt_document":"","jetpack_post_was_ever_published":true,"footnotes":""},"class_list":["post-7","page","type-page","status-publish","hentry"],"yoast_head":"<!-- This site is optimized with the Yoast SEO plugin v27.1.1 - https:\/\/yoast.com\/product\/yoast-seo-wordpress\/ -->\n<title>Blog - Derni\u00e8res cr\u00e9ations - Caroo Creations<\/title>\n<meta name=\"robots\" content=\"index, follow, max-snippet:-1, max-image-preview:large, max-video-preview:-1\" \/>\n<link rel=\"canonical\" href=\"https:\/\/www.caroocreations.com\/?page_id=7\" \/>\n<meta property=\"og:locale\" content=\"fr_FR\" \/>\n<meta property=\"og:type\" content=\"article\" \/>\n<meta property=\"og:title\" content=\"Blog - Derni\u00e8res cr\u00e9ations - Caroo Creations\" \/>\n<meta property=\"og:url\" content=\"https:\/\/www.caroocreations.com\/?page_id=7\" \/>\n<meta property=\"og:site_name\" content=\"Caroo Creations\" \/>\n<meta property=\"article:publisher\" content=\"https:\/\/www.facebook.com\/caroocreations\" \/>\n<meta property=\"article:modified_time\" content=\"2023-08-04T15:43:13+00:00\" \/>\n<meta name=\"twitter:card\" content=\"summary_large_image\" \/>\n<script type=\"application\/ld+json\" class=\"yoast-schema-graph\">{\"@context\":\"https:\/\/schema.org\",\"@graph\":[{\"@type\":\"WebPage\",\"@id\":\"https:\/\/www.caroocreations.com\/?page_id=7\",\"url\":\"https:\/\/www.caroocreations.com\/?page_id=7\",\"name\":\"Blog - Derni\u00e8res cr\u00e9ations - Caroo Creations\",\"isPartOf\":{\"@id\":\"https:\/\/www.caroocreations.com\/#website\"},\"datePublished\":\"2023-05-01T16:27:22+00:00\",\"dateModified\":\"2023-08-04T15:43:13+00:00\",\"breadcrumb\":{\"@id\":\"https:\/\/www.caroocreations.com\/?page_id=7#breadcrumb\"},\"inLanguage\":\"fr-FR\",\"potentialAction\":[{\"@type\":\"ReadAction\",\"target\":[\"https:\/\/www.caroocreations.com\/?page_id=7\"]}]},{\"@type\":\"BreadcrumbList\",\"@id\":\"https:\/\/www.caroocreations.com\/?page_id=7#breadcrumb\",\"itemListElement\":[{\"@type\":\"ListItem\",\"position\":1,\"name\":\"Accueil\",\"item\":\"https:\/\/www.caroocreations.com\/\"},{\"@type\":\"ListItem\",\"position\":2,\"name\":\"Blog &#8211; Derni\u00e8res cr\u00e9ations\"}]},{\"@type\":\"WebSite\",\"@id\":\"https:\/\/www.caroocreations.com\/#website\",\"url\":\"https:\/\/www.caroocreations.com\/\",\"name\":\"Caroo Creations\",\"description\":\"Low fashion mode &amp; accessoires\",\"publisher\":{\"@id\":\"https:\/\/www.caroocreations.com\/#organization\"},\"potentialAction\":[{\"@type\":\"SearchAction\",\"target\":{\"@type\":\"EntryPoint\",\"urlTemplate\":\"https:\/\/www.caroocreations.com\/?s={search_term_string}\"},\"query-input\":{\"@type\":\"PropertyValueSpecification\",\"valueRequired\":true,\"valueName\":\"search_term_string\"}}],\"inLanguage\":\"fr-FR\"},{\"@type\":\"Organization\",\"@id\":\"https:\/\/www.caroocreations.com\/#organization\",\"name\":\"Caroo Creations\",\"url\":\"https:\/\/www.caroocreations.com\/\",\"logo\":{\"@type\":\"ImageObject\",\"inLanguage\":\"fr-FR\",\"@id\":\"https:\/\/www.caroocreations.com\/#\/schema\/logo\/image\/\",\"url\":\"https:\/\/www.caroocreations.com\/wp-content\/uploads\/2023\/07\/logovf-caroo-creations.jpg\",\"contentUrl\":\"https:\/\/www.caroocreations.com\/wp-content\/uploads\/2023\/07\/logovf-caroo-creations.jpg\",\"width\":532,\"height\":410,\"caption\":\"Caroo Creations\"},\"image\":{\"@id\":\"https:\/\/www.caroocreations.com\/#\/schema\/logo\/image\/\"},\"sameAs\":[\"https:\/\/www.facebook.com\/caroocreations\",\"https:\/\/www.instagram.com\/caroocreations\/\",\"https:\/\/www.youtube.com\/@carolinewilt3837\",\"https:\/\/www.threads.net\/\"]}]}<\/script>\n<!-- \/ Yoast SEO plugin. -->","yoast_head_json":{"title":"Blog - Derni\u00e8res cr\u00e9ations - Caroo Creations","robots":{"index":"index","follow":"follow","max-snippet":"max-snippet:-1","max-image-preview":"max-image-preview:large","max-video-preview":"max-video-preview:-1"},"canonical":"https:\/\/www.caroocreations.com\/?page_id=7","og_locale":"fr_FR","og_type":"article","og_title":"Blog - Derni\u00e8res cr\u00e9ations - Caroo Creations","og_url":"https:\/\/www.caroocreations.com\/?page_id=7","og_site_name":"Caroo Creations","article_publisher":"https:\/\/www.facebook.com\/caroocreations","article_modified_time":"2023-08-04T15:43:13+00:00","twitter_card":"summary_large_image","schema":{"@context":"https:\/\/schema.org","@graph":[{"@type":"WebPage","@id":"https:\/\/www.caroocreations.com\/?page_id=7","url":"https:\/\/www.caroocreations.com\/?page_id=7","name":"Blog - Derni\u00e8res cr\u00e9ations - Caroo Creations","isPartOf":{"@id":"https:\/\/www.caroocreations.com\/#website"},"datePublished":"2023-05-01T16:27:22+00:00","dateModified":"2023-08-04T15:43:13+00:00","breadcrumb":{"@id":"https:\/\/www.caroocreations.com\/?page_id=7#breadcrumb"},"inLanguage":"fr-FR","potentialAction":[{"@type":"ReadAction","target":["https:\/\/www.caroocreations.com\/?page_id=7"]}]},{"@type":"BreadcrumbList","@id":"https:\/\/www.caroocreations.com\/?page_id=7#breadcrumb","itemListElement":[{"@type":"ListItem","position":1,"name":"Accueil","item":"https:\/\/www.caroocreations.com\/"},{"@type":"ListItem","position":2,"name":"Blog &#8211; Derni\u00e8res cr\u00e9ations"}]},{"@type":"WebSite","@id":"https:\/\/www.caroocreations.com\/#website","url":"https:\/\/www.caroocreations.com\/","name":"Caroo Creations","description":"Low fashion mode &amp; accessoires","publisher":{"@id":"https:\/\/www.caroocreations.com\/#organization"},"potentialAction":[{"@type":"SearchAction","target":{"@type":"EntryPoint","urlTemplate":"https:\/\/www.caroocreations.com\/?s={search_term_string}"},"query-input":{"@type":"PropertyValueSpecification","valueRequired":true,"valueName":"search_term_string"}}],"inLanguage":"fr-FR"},{"@type":"Organization","@id":"https:\/\/www.caroocreations.com\/#organization","name":"Caroo Creations","url":"https:\/\/www.caroocreations.com\/","logo":{"@type":"ImageObject","inLanguage":"fr-FR","@id":"https:\/\/www.caroocreations.com\/#\/schema\/logo\/image\/","url":"https:\/\/www.caroocreations.com\/wp-content\/uploads\/2023\/07\/logovf-caroo-creations.jpg","contentUrl":"https:\/\/www.caroocreations.com\/wp-content\/uploads\/2023\/07\/logovf-caroo-creations.jpg","width":532,"height":410,"caption":"Caroo Creations"},"image":{"@id":"https:\/\/www.caroocreations.com\/#\/schema\/logo\/image\/"},"sameAs":["https:\/\/www.facebook.com\/caroocreations","https:\/\/www.instagram.com\/caroocreations\/","https:\/\/www.youtube.com\/@carolinewilt3837","https:\/\/www.threads.net\/"]}]}},"jetpack_sharing_enabled":false,"_links":{"self":[{"href":"https:\/\/www.caroocreations.com\/index.php?rest_route=\/wp\/v2\/pages\/7","targetHints":{"allow":["GET"]}}],"collection":[{"href":"https:\/\/www.caroocreations.com\/index.php?rest_route=\/wp\/v2\/pages"}],"about":[{"href":"https:\/\/www.caroocreations.com\/index.php?rest_route=\/wp\/v2\/types\/page"}],"author":[{"embeddable":true,"href":"https:\/\/www.caroocreations.com\/index.php?rest_route=\/wp\/v2\/users\/2"}],"replies":[{"embeddable":true,"href":"https:\/\/www.caroocreations.com\/index.php?rest_route=%2Fwp%2Fv2%2Fcomments&post=7"}],"version-history":[{"count":0,"href":"https:\/\/www.caroocreations.com\/index.php?rest_route=\/wp\/v2\/pages\/7\/revisions"}],"wp:attachment":[{"href":"https:\/\/www.caroocreations.com\/index.php?rest_route=%2Fwp%2Fv2%2Fmedia&parent=7"}],"curies":[{"name":"wp","href":"https:\/\/api.w.org\/{rel}","templated":true}]}}