{"id":421,"date":"2024-05-20T08:23:37","date_gmt":"2024-05-20T06:23:37","guid":{"rendered":"https:\/\/www.caroocreations.com\/?post_type=product&#038;p=421"},"modified":"2024-05-20T08:31:41","modified_gmt":"2024-05-20T06:31:41","slug":"sac-fourre-tout-matou-tout-doux","status":"publish","type":"product","link":"https:\/\/www.caroocreations.com\/?product=sac-fourre-tout-matou-tout-doux","title":{"rendered":"Sac fourre-tout matou tout doux"},"content":{"rendered":"<p>Sac fourre-tout sp\u00e9cial biblioth\u00e8que ou autre, id\u00e9al pour les bibliophiles.<\/p>\n<p>Tr\u00e8s solide, peut contenir livres, BDs, DVDs&#8230; etc.<\/p>\n<p>&nbsp;<\/p>\n<p>&nbsp;<\/p>\n","protected":false},"excerpt":{"rendered":"<p>Sac fourre-tout sp\u00e9cial biblioth\u00e8que ou autre, id\u00e9al pour les bibliophiles.<\/p>\n<p>Tr\u00e8s solide, peut contenir livres, BDs, DVDs&#8230; etc.<\/p>\n","protected":false},"featured_media":422,"comment_status":"open","ping_status":"closed","template":"","meta":{"_crdt_document":"","jetpack_post_was_ever_published":false},"product_brand":[],"product_cat":[24],"product_tag":[],"class_list":{"0":"post-421","1":"product","2":"type-product","3":"status-publish","4":"has-post-thumbnail","6":"product_cat-sacs-fourre-tout","8":"first","9":"instock","10":"purchasable","11":"product-type-simple"},"yoast_head":"<!-- This site is optimized with the Yoast SEO plugin v27.1.1 - https:\/\/yoast.com\/product\/yoast-seo-wordpress\/ -->\n<title>Sac fourre-tout matou tout doux - Caroo Creations<\/title>\n<meta name=\"description\" content=\"Sac fourre-tout sp\u00e9cial biblioth\u00e8que ou autre, id\u00e9al pour les bibliophiles. Tr\u00e8s solide, peut contenir livres, BDs, DVDs... etc.\" \/>\n<meta name=\"robots\" content=\"index, follow, max-snippet:-1, max-image-preview:large, max-video-preview:-1\" \/>\n<link rel=\"canonical\" href=\"https:\/\/www.caroocreations.com\/?product=sac-fourre-tout-matou-tout-doux\" \/>\n<meta property=\"og:locale\" content=\"fr_FR\" \/>\n<meta property=\"og:type\" content=\"article\" \/>\n<meta property=\"og:title\" content=\"Sac fourre-tout matou tout doux - Caroo Creations\" \/>\n<meta property=\"og:description\" content=\"Sac fourre-tout sp\u00e9cial biblioth\u00e8que ou autre, id\u00e9al pour les bibliophiles. Tr\u00e8s solide, peut contenir livres, BDs, DVDs... etc.\" \/>\n<meta property=\"og:url\" content=\"https:\/\/www.caroocreations.com\/?product=sac-fourre-tout-matou-tout-doux\" \/>\n<meta property=\"og:site_name\" content=\"Caroo Creations\" \/>\n<meta property=\"article:publisher\" content=\"https:\/\/www.facebook.com\/caroocreations\" \/>\n<meta property=\"article:modified_time\" content=\"2024-05-20T06:31:41+00:00\" \/>\n<meta property=\"og:image\" content=\"https:\/\/www.caroocreations.com\/wp-content\/uploads\/2024\/05\/Photoroom_20240520_081538.jpg\" \/>\n\t<meta property=\"og:image:width\" content=\"2310\" \/>\n\t<meta property=\"og:image:height\" content=\"2309\" \/>\n\t<meta property=\"og:image:type\" content=\"image\/jpeg\" \/>\n<meta name=\"twitter:card\" content=\"summary_large_image\" \/>\n<meta name=\"twitter:label1\" content=\"Dur\u00e9e de lecture estim\u00e9e\" \/>\n\t<meta name=\"twitter:data1\" content=\"1 minute\" \/>\n<script type=\"application\/ld+json\" class=\"yoast-schema-graph\">{\"@context\":\"https:\/\/schema.org\",\"@graph\":[{\"@type\":\"WebPage\",\"@id\":\"https:\/\/www.caroocreations.com\/?product=sac-fourre-tout-matou-tout-doux\",\"url\":\"https:\/\/www.caroocreations.com\/?product=sac-fourre-tout-matou-tout-doux\",\"name\":\"Sac fourre-tout matou tout doux - Caroo Creations\",\"isPartOf\":{\"@id\":\"https:\/\/www.caroocreations.com\/#website\"},\"primaryImageOfPage\":{\"@id\":\"https:\/\/www.caroocreations.com\/?product=sac-fourre-tout-matou-tout-doux#primaryimage\"},\"image\":{\"@id\":\"https:\/\/www.caroocreations.com\/?product=sac-fourre-tout-matou-tout-doux#primaryimage\"},\"thumbnailUrl\":\"https:\/\/www.caroocreations.com\/wp-content\/uploads\/2024\/05\/Photoroom_20240520_081538.jpg\",\"datePublished\":\"2024-05-20T06:23:37+00:00\",\"dateModified\":\"2024-05-20T06:31:41+00:00\",\"description\":\"Sac fourre-tout sp\u00e9cial biblioth\u00e8que ou autre, id\u00e9al pour les bibliophiles. Tr\u00e8s solide, peut contenir livres, BDs, DVDs... etc.\",\"breadcrumb\":{\"@id\":\"https:\/\/www.caroocreations.com\/?product=sac-fourre-tout-matou-tout-doux#breadcrumb\"},\"inLanguage\":\"fr-FR\",\"potentialAction\":[{\"@type\":\"ReadAction\",\"target\":[\"https:\/\/www.caroocreations.com\/?product=sac-fourre-tout-matou-tout-doux\"]}]},{\"@type\":\"ImageObject\",\"inLanguage\":\"fr-FR\",\"@id\":\"https:\/\/www.caroocreations.com\/?product=sac-fourre-tout-matou-tout-doux#primaryimage\",\"url\":\"https:\/\/www.caroocreations.com\/wp-content\/uploads\/2024\/05\/Photoroom_20240520_081538.jpg\",\"contentUrl\":\"https:\/\/www.caroocreations.com\/wp-content\/uploads\/2024\/05\/Photoroom_20240520_081538.jpg\",\"width\":2310,\"height\":2309},{\"@type\":\"BreadcrumbList\",\"@id\":\"https:\/\/www.caroocreations.com\/?product=sac-fourre-tout-matou-tout-doux#breadcrumb\",\"itemListElement\":[{\"@type\":\"ListItem\",\"position\":1,\"name\":\"Accueil\",\"item\":\"https:\/\/www.caroocreations.com\/\"},{\"@type\":\"ListItem\",\"position\":2,\"name\":\"Boutique\",\"item\":\"https:\/\/www.caroocreations.com\/?page_id=345\"},{\"@type\":\"ListItem\",\"position\":3,\"name\":\"Sac fourre-tout matou tout doux\"}]},{\"@type\":\"WebSite\",\"@id\":\"https:\/\/www.caroocreations.com\/#website\",\"url\":\"https:\/\/www.caroocreations.com\/\",\"name\":\"Caroo Creations\",\"description\":\"Low fashion mode &amp; accessoires\",\"publisher\":{\"@id\":\"https:\/\/www.caroocreations.com\/#organization\"},\"potentialAction\":[{\"@type\":\"SearchAction\",\"target\":{\"@type\":\"EntryPoint\",\"urlTemplate\":\"https:\/\/www.caroocreations.com\/?s={search_term_string}\"},\"query-input\":{\"@type\":\"PropertyValueSpecification\",\"valueRequired\":true,\"valueName\":\"search_term_string\"}}],\"inLanguage\":\"fr-FR\"},{\"@type\":\"Organization\",\"@id\":\"https:\/\/www.caroocreations.com\/#organization\",\"name\":\"Caroo Creations\",\"url\":\"https:\/\/www.caroocreations.com\/\",\"logo\":{\"@type\":\"ImageObject\",\"inLanguage\":\"fr-FR\",\"@id\":\"https:\/\/www.caroocreations.com\/#\/schema\/logo\/image\/\",\"url\":\"https:\/\/www.caroocreations.com\/wp-content\/uploads\/2023\/07\/logovf-caroo-creations.jpg\",\"contentUrl\":\"https:\/\/www.caroocreations.com\/wp-content\/uploads\/2023\/07\/logovf-caroo-creations.jpg\",\"width\":532,\"height\":410,\"caption\":\"Caroo Creations\"},\"image\":{\"@id\":\"https:\/\/www.caroocreations.com\/#\/schema\/logo\/image\/\"},\"sameAs\":[\"https:\/\/www.facebook.com\/caroocreations\",\"https:\/\/www.instagram.com\/caroocreations\/\",\"https:\/\/www.youtube.com\/@carolinewilt3837\",\"https:\/\/www.threads.net\/\"]}]}<\/script>\n<!-- \/ Yoast SEO plugin. -->","yoast_head_json":{"title":"Sac fourre-tout matou tout doux - Caroo Creations","description":"Sac fourre-tout sp\u00e9cial biblioth\u00e8que ou autre, id\u00e9al pour les bibliophiles. Tr\u00e8s solide, peut contenir livres, BDs, DVDs... etc.","robots":{"index":"index","follow":"follow","max-snippet":"max-snippet:-1","max-image-preview":"max-image-preview:large","max-video-preview":"max-video-preview:-1"},"canonical":"https:\/\/www.caroocreations.com\/?product=sac-fourre-tout-matou-tout-doux","og_locale":"fr_FR","og_type":"article","og_title":"Sac fourre-tout matou tout doux - Caroo Creations","og_description":"Sac fourre-tout sp\u00e9cial biblioth\u00e8que ou autre, id\u00e9al pour les bibliophiles. Tr\u00e8s solide, peut contenir livres, BDs, DVDs... etc.","og_url":"https:\/\/www.caroocreations.com\/?product=sac-fourre-tout-matou-tout-doux","og_site_name":"Caroo Creations","article_publisher":"https:\/\/www.facebook.com\/caroocreations","article_modified_time":"2024-05-20T06:31:41+00:00","og_image":[{"width":2310,"height":2309,"url":"https:\/\/www.caroocreations.com\/wp-content\/uploads\/2024\/05\/Photoroom_20240520_081538.jpg","type":"image\/jpeg"}],"twitter_card":"summary_large_image","twitter_misc":{"Dur\u00e9e de lecture estim\u00e9e":"1 minute"},"schema":{"@context":"https:\/\/schema.org","@graph":[{"@type":"WebPage","@id":"https:\/\/www.caroocreations.com\/?product=sac-fourre-tout-matou-tout-doux","url":"https:\/\/www.caroocreations.com\/?product=sac-fourre-tout-matou-tout-doux","name":"Sac fourre-tout matou tout doux - Caroo Creations","isPartOf":{"@id":"https:\/\/www.caroocreations.com\/#website"},"primaryImageOfPage":{"@id":"https:\/\/www.caroocreations.com\/?product=sac-fourre-tout-matou-tout-doux#primaryimage"},"image":{"@id":"https:\/\/www.caroocreations.com\/?product=sac-fourre-tout-matou-tout-doux#primaryimage"},"thumbnailUrl":"https:\/\/www.caroocreations.com\/wp-content\/uploads\/2024\/05\/Photoroom_20240520_081538.jpg","datePublished":"2024-05-20T06:23:37+00:00","dateModified":"2024-05-20T06:31:41+00:00","description":"Sac fourre-tout sp\u00e9cial biblioth\u00e8que ou autre, id\u00e9al pour les bibliophiles. Tr\u00e8s solide, peut contenir livres, BDs, DVDs... etc.","breadcrumb":{"@id":"https:\/\/www.caroocreations.com\/?product=sac-fourre-tout-matou-tout-doux#breadcrumb"},"inLanguage":"fr-FR","potentialAction":[{"@type":"ReadAction","target":["https:\/\/www.caroocreations.com\/?product=sac-fourre-tout-matou-tout-doux"]}]},{"@type":"ImageObject","inLanguage":"fr-FR","@id":"https:\/\/www.caroocreations.com\/?product=sac-fourre-tout-matou-tout-doux#primaryimage","url":"https:\/\/www.caroocreations.com\/wp-content\/uploads\/2024\/05\/Photoroom_20240520_081538.jpg","contentUrl":"https:\/\/www.caroocreations.com\/wp-content\/uploads\/2024\/05\/Photoroom_20240520_081538.jpg","width":2310,"height":2309},{"@type":"BreadcrumbList","@id":"https:\/\/www.caroocreations.com\/?product=sac-fourre-tout-matou-tout-doux#breadcrumb","itemListElement":[{"@type":"ListItem","position":1,"name":"Accueil","item":"https:\/\/www.caroocreations.com\/"},{"@type":"ListItem","position":2,"name":"Boutique","item":"https:\/\/www.caroocreations.com\/?page_id=345"},{"@type":"ListItem","position":3,"name":"Sac fourre-tout matou tout doux"}]},{"@type":"WebSite","@id":"https:\/\/www.caroocreations.com\/#website","url":"https:\/\/www.caroocreations.com\/","name":"Caroo Creations","description":"Low fashion mode &amp; accessoires","publisher":{"@id":"https:\/\/www.caroocreations.com\/#organization"},"potentialAction":[{"@type":"SearchAction","target":{"@type":"EntryPoint","urlTemplate":"https:\/\/www.caroocreations.com\/?s={search_term_string}"},"query-input":{"@type":"PropertyValueSpecification","valueRequired":true,"valueName":"search_term_string"}}],"inLanguage":"fr-FR"},{"@type":"Organization","@id":"https:\/\/www.caroocreations.com\/#organization","name":"Caroo Creations","url":"https:\/\/www.caroocreations.com\/","logo":{"@type":"ImageObject","inLanguage":"fr-FR","@id":"https:\/\/www.caroocreations.com\/#\/schema\/logo\/image\/","url":"https:\/\/www.caroocreations.com\/wp-content\/uploads\/2023\/07\/logovf-caroo-creations.jpg","contentUrl":"https:\/\/www.caroocreations.com\/wp-content\/uploads\/2023\/07\/logovf-caroo-creations.jpg","width":532,"height":410,"caption":"Caroo Creations"},"image":{"@id":"https:\/\/www.caroocreations.com\/#\/schema\/logo\/image\/"},"sameAs":["https:\/\/www.facebook.com\/caroocreations","https:\/\/www.instagram.com\/caroocreations\/","https:\/\/www.youtube.com\/@carolinewilt3837","https:\/\/www.threads.net\/"]}]}},"jetpack_sharing_enabled":true,"_links":{"self":[{"href":"https:\/\/www.caroocreations.com\/index.php?rest_route=\/wp\/v2\/product\/421","targetHints":{"allow":["GET"]}}],"collection":[{"href":"https:\/\/www.caroocreations.com\/index.php?rest_route=\/wp\/v2\/product"}],"about":[{"href":"https:\/\/www.caroocreations.com\/index.php?rest_route=\/wp\/v2\/types\/product"}],"replies":[{"embeddable":true,"href":"https:\/\/www.caroocreations.com\/index.php?rest_route=%2Fwp%2Fv2%2Fcomments&post=421"}],"version-history":[{"count":0,"href":"https:\/\/www.caroocreations.com\/index.php?rest_route=\/wp\/v2\/product\/421\/revisions"}],"wp:featuredmedia":[{"embeddable":true,"href":"https:\/\/www.caroocreations.com\/index.php?rest_route=\/wp\/v2\/media\/422"}],"wp:attachment":[{"href":"https:\/\/www.caroocreations.com\/index.php?rest_route=%2Fwp%2Fv2%2Fmedia&parent=421"}],"wp:term":[{"taxonomy":"product_brand","embeddable":true,"href":"https:\/\/www.caroocreations.com\/index.php?rest_route=%2Fwp%2Fv2%2Fproduct_brand&post=421"},{"taxonomy":"product_cat","embeddable":true,"href":"https:\/\/www.caroocreations.com\/index.php?rest_route=%2Fwp%2Fv2%2Fproduct_cat&post=421"},{"taxonomy":"product_tag","embeddable":true,"href":"https:\/\/www.caroocreations.com\/index.php?rest_route=%2Fwp%2Fv2%2Fproduct_tag&post=421"}],"curies":[{"name":"wp","href":"https:\/\/api.w.org\/{rel}","templated":true}]}}