{"id":473,"date":"2024-05-20T14:11:07","date_gmt":"2024-05-20T12:11:07","guid":{"rendered":"https:\/\/www.caroocreations.com\/?post_type=product&#038;p=473"},"modified":"2024-05-20T20:11:23","modified_gmt":"2024-05-20T18:11:23","slug":"broderie-2","status":"publish","type":"product","link":"https:\/\/www.caroocreations.com\/?product=broderie-2","title":{"rendered":"Fichier de broderie sp\u00e9cial f\u00eate des m\u00e8res"},"content":{"rendered":"<p>Fichier de broderie sp\u00e9cial f\u00eate des m\u00e8res<\/p>\n<p>Disponible dans les formats VP3, VP4, dst, exp, hus, jef, pec,vip, xxx<\/p>\n<p>Compatibles machines Pfaff, Toyota, Tajima, Husqvarna, Janome, Brother, Bernina, Babylock<\/p>\n<p>Le fichier sera directement t\u00e9l\u00e9chargeable apr\u00e8s l\u2019achat<\/p>\n","protected":false},"excerpt":{"rendered":"<p>Fichier de broderie sp\u00e9cial f\u00eate des m\u00e8res<\/p>\n<p>Disponible dans les formats VP3, VP4, dst, exp, hus, jef, pec,vip, xxx<\/p>\n<p>Compatibles machines Pfaff, Toyota, Tajima, Husqvarna, Janome, Brother, Bernina, Babylock<\/p>\n<p>Le fichier sera directement t\u00e9l\u00e9chargeable apr\u00e8s l\u2019achat<\/p>\n","protected":false},"featured_media":475,"comment_status":"open","ping_status":"closed","template":"","meta":{"_crdt_document":"","jetpack_post_was_ever_published":false},"product_brand":[],"product_cat":[26],"product_tag":[],"class_list":{"0":"post-473","1":"product","2":"type-product","3":"status-publish","4":"has-post-thumbnail","6":"product_cat-fichiers-de-broderie","8":"first","9":"instock","10":"downloadable","11":"virtual","12":"taxable","13":"purchasable","14":"product-type-simple"},"yoast_head":"<!-- This site is optimized with the Yoast SEO plugin v27.1.1 - https:\/\/yoast.com\/product\/yoast-seo-wordpress\/ -->\n<title>Fichier de broderie sp\u00e9cial f\u00eate des m\u00e8res - Caroo Creations<\/title>\n<meta name=\"description\" content=\"Fichier de broderie sp\u00e9cial f\u00eate des m\u00e8res\u00a0Disponible dans les formats VP3, VP4, dst, exp, hus, jef, pec,vip, xxxCompatibles machines Pfaff, Toyota, Tajima, Husqvarna, Janome, Brother, Bernina, BabylockLe fichier sera directement t\u00e9l\u00e9chargeable apr\u00e8s l\u2019achat\" \/>\n<meta name=\"robots\" content=\"index, follow, max-snippet:-1, max-image-preview:large, max-video-preview:-1\" \/>\n<link rel=\"canonical\" href=\"https:\/\/www.caroocreations.com\/?product=broderie-2\" \/>\n<meta property=\"og:locale\" content=\"fr_FR\" \/>\n<meta property=\"og:type\" content=\"article\" \/>\n<meta property=\"og:title\" content=\"Fichier de broderie sp\u00e9cial f\u00eate des m\u00e8res - Caroo Creations\" \/>\n<meta property=\"og:description\" content=\"Fichier de broderie sp\u00e9cial f\u00eate des m\u00e8res\u00a0Disponible dans les formats VP3, VP4, dst, exp, hus, jef, pec,vip, xxxCompatibles machines Pfaff, Toyota, Tajima, Husqvarna, Janome, Brother, Bernina, BabylockLe fichier sera directement t\u00e9l\u00e9chargeable apr\u00e8s l\u2019achat\" \/>\n<meta property=\"og:url\" content=\"https:\/\/www.caroocreations.com\/?product=broderie-2\" \/>\n<meta property=\"og:site_name\" content=\"Caroo Creations\" \/>\n<meta property=\"article:publisher\" content=\"https:\/\/www.facebook.com\/caroocreations\" \/>\n<meta property=\"article:modified_time\" content=\"2024-05-20T18:11:23+00:00\" \/>\n<meta property=\"og:image\" content=\"https:\/\/www.caroocreations.com\/wp-content\/uploads\/2024\/05\/Capture-decran-2024-05-20-141037.png\" \/>\n\t<meta property=\"og:image:width\" content=\"474\" \/>\n\t<meta property=\"og:image:height\" content=\"343\" \/>\n\t<meta property=\"og:image:type\" content=\"image\/png\" \/>\n<meta name=\"twitter:card\" content=\"summary_large_image\" \/>\n<meta name=\"twitter:label1\" content=\"Dur\u00e9e de lecture estim\u00e9e\" \/>\n\t<meta name=\"twitter:data1\" content=\"1 minute\" \/>\n<script type=\"application\/ld+json\" class=\"yoast-schema-graph\">{\"@context\":\"https:\/\/schema.org\",\"@graph\":[{\"@type\":\"WebPage\",\"@id\":\"https:\/\/www.caroocreations.com\/?product=broderie-2\",\"url\":\"https:\/\/www.caroocreations.com\/?product=broderie-2\",\"name\":\"Fichier de broderie sp\u00e9cial f\u00eate des m\u00e8res - Caroo Creations\",\"isPartOf\":{\"@id\":\"https:\/\/www.caroocreations.com\/#website\"},\"primaryImageOfPage\":{\"@id\":\"https:\/\/www.caroocreations.com\/?product=broderie-2#primaryimage\"},\"image\":{\"@id\":\"https:\/\/www.caroocreations.com\/?product=broderie-2#primaryimage\"},\"thumbnailUrl\":\"https:\/\/www.caroocreations.com\/wp-content\/uploads\/2024\/05\/Capture-decran-2024-05-20-141037.png\",\"datePublished\":\"2024-05-20T12:11:07+00:00\",\"dateModified\":\"2024-05-20T18:11:23+00:00\",\"description\":\"Fichier de broderie sp\u00e9cial f\u00eate des m\u00e8res\u00a0Disponible dans les formats VP3, VP4, dst, exp, hus, jef, pec,vip, xxxCompatibles machines Pfaff, Toyota, Tajima, Husqvarna, Janome, Brother, Bernina, BabylockLe fichier sera directement t\u00e9l\u00e9chargeable apr\u00e8s l\u2019achat\",\"breadcrumb\":{\"@id\":\"https:\/\/www.caroocreations.com\/?product=broderie-2#breadcrumb\"},\"inLanguage\":\"fr-FR\",\"potentialAction\":[{\"@type\":\"ReadAction\",\"target\":[\"https:\/\/www.caroocreations.com\/?product=broderie-2\"]}]},{\"@type\":\"ImageObject\",\"inLanguage\":\"fr-FR\",\"@id\":\"https:\/\/www.caroocreations.com\/?product=broderie-2#primaryimage\",\"url\":\"https:\/\/www.caroocreations.com\/wp-content\/uploads\/2024\/05\/Capture-decran-2024-05-20-141037.png\",\"contentUrl\":\"https:\/\/www.caroocreations.com\/wp-content\/uploads\/2024\/05\/Capture-decran-2024-05-20-141037.png\",\"width\":474,\"height\":343},{\"@type\":\"BreadcrumbList\",\"@id\":\"https:\/\/www.caroocreations.com\/?product=broderie-2#breadcrumb\",\"itemListElement\":[{\"@type\":\"ListItem\",\"position\":1,\"name\":\"Accueil\",\"item\":\"https:\/\/www.caroocreations.com\/\"},{\"@type\":\"ListItem\",\"position\":2,\"name\":\"Boutique\",\"item\":\"https:\/\/www.caroocreations.com\/?page_id=345\"},{\"@type\":\"ListItem\",\"position\":3,\"name\":\"Fichier de broderie sp\u00e9cial f\u00eate des m\u00e8res\"}]},{\"@type\":\"WebSite\",\"@id\":\"https:\/\/www.caroocreations.com\/#website\",\"url\":\"https:\/\/www.caroocreations.com\/\",\"name\":\"Caroo Creations\",\"description\":\"Low fashion mode &amp; accessoires\",\"publisher\":{\"@id\":\"https:\/\/www.caroocreations.com\/#organization\"},\"potentialAction\":[{\"@type\":\"SearchAction\",\"target\":{\"@type\":\"EntryPoint\",\"urlTemplate\":\"https:\/\/www.caroocreations.com\/?s={search_term_string}\"},\"query-input\":{\"@type\":\"PropertyValueSpecification\",\"valueRequired\":true,\"valueName\":\"search_term_string\"}}],\"inLanguage\":\"fr-FR\"},{\"@type\":\"Organization\",\"@id\":\"https:\/\/www.caroocreations.com\/#organization\",\"name\":\"Caroo Creations\",\"url\":\"https:\/\/www.caroocreations.com\/\",\"logo\":{\"@type\":\"ImageObject\",\"inLanguage\":\"fr-FR\",\"@id\":\"https:\/\/www.caroocreations.com\/#\/schema\/logo\/image\/\",\"url\":\"https:\/\/www.caroocreations.com\/wp-content\/uploads\/2023\/07\/logovf-caroo-creations.jpg\",\"contentUrl\":\"https:\/\/www.caroocreations.com\/wp-content\/uploads\/2023\/07\/logovf-caroo-creations.jpg\",\"width\":532,\"height\":410,\"caption\":\"Caroo Creations\"},\"image\":{\"@id\":\"https:\/\/www.caroocreations.com\/#\/schema\/logo\/image\/\"},\"sameAs\":[\"https:\/\/www.facebook.com\/caroocreations\",\"https:\/\/www.instagram.com\/caroocreations\/\",\"https:\/\/www.youtube.com\/@carolinewilt3837\",\"https:\/\/www.threads.net\/\"]}]}<\/script>\n<!-- \/ Yoast SEO plugin. -->","yoast_head_json":{"title":"Fichier de broderie sp\u00e9cial f\u00eate des m\u00e8res - Caroo Creations","description":"Fichier de broderie sp\u00e9cial f\u00eate des m\u00e8res\u00a0Disponible dans les formats VP3, VP4, dst, exp, hus, jef, pec,vip, xxxCompatibles machines Pfaff, Toyota, Tajima, Husqvarna, Janome, Brother, Bernina, BabylockLe fichier sera directement t\u00e9l\u00e9chargeable apr\u00e8s l\u2019achat","robots":{"index":"index","follow":"follow","max-snippet":"max-snippet:-1","max-image-preview":"max-image-preview:large","max-video-preview":"max-video-preview:-1"},"canonical":"https:\/\/www.caroocreations.com\/?product=broderie-2","og_locale":"fr_FR","og_type":"article","og_title":"Fichier de broderie sp\u00e9cial f\u00eate des m\u00e8res - Caroo Creations","og_description":"Fichier de broderie sp\u00e9cial f\u00eate des m\u00e8res\u00a0Disponible dans les formats VP3, VP4, dst, exp, hus, jef, pec,vip, xxxCompatibles machines Pfaff, Toyota, Tajima, Husqvarna, Janome, Brother, Bernina, BabylockLe fichier sera directement t\u00e9l\u00e9chargeable apr\u00e8s l\u2019achat","og_url":"https:\/\/www.caroocreations.com\/?product=broderie-2","og_site_name":"Caroo Creations","article_publisher":"https:\/\/www.facebook.com\/caroocreations","article_modified_time":"2024-05-20T18:11:23+00:00","og_image":[{"width":474,"height":343,"url":"https:\/\/www.caroocreations.com\/wp-content\/uploads\/2024\/05\/Capture-decran-2024-05-20-141037.png","type":"image\/png"}],"twitter_card":"summary_large_image","twitter_misc":{"Dur\u00e9e de lecture estim\u00e9e":"1 minute"},"schema":{"@context":"https:\/\/schema.org","@graph":[{"@type":"WebPage","@id":"https:\/\/www.caroocreations.com\/?product=broderie-2","url":"https:\/\/www.caroocreations.com\/?product=broderie-2","name":"Fichier de broderie sp\u00e9cial f\u00eate des m\u00e8res - Caroo Creations","isPartOf":{"@id":"https:\/\/www.caroocreations.com\/#website"},"primaryImageOfPage":{"@id":"https:\/\/www.caroocreations.com\/?product=broderie-2#primaryimage"},"image":{"@id":"https:\/\/www.caroocreations.com\/?product=broderie-2#primaryimage"},"thumbnailUrl":"https:\/\/www.caroocreations.com\/wp-content\/uploads\/2024\/05\/Capture-decran-2024-05-20-141037.png","datePublished":"2024-05-20T12:11:07+00:00","dateModified":"2024-05-20T18:11:23+00:00","description":"Fichier de broderie sp\u00e9cial f\u00eate des m\u00e8res\u00a0Disponible dans les formats VP3, VP4, dst, exp, hus, jef, pec,vip, xxxCompatibles machines Pfaff, Toyota, Tajima, Husqvarna, Janome, Brother, Bernina, BabylockLe fichier sera directement t\u00e9l\u00e9chargeable apr\u00e8s l\u2019achat","breadcrumb":{"@id":"https:\/\/www.caroocreations.com\/?product=broderie-2#breadcrumb"},"inLanguage":"fr-FR","potentialAction":[{"@type":"ReadAction","target":["https:\/\/www.caroocreations.com\/?product=broderie-2"]}]},{"@type":"ImageObject","inLanguage":"fr-FR","@id":"https:\/\/www.caroocreations.com\/?product=broderie-2#primaryimage","url":"https:\/\/www.caroocreations.com\/wp-content\/uploads\/2024\/05\/Capture-decran-2024-05-20-141037.png","contentUrl":"https:\/\/www.caroocreations.com\/wp-content\/uploads\/2024\/05\/Capture-decran-2024-05-20-141037.png","width":474,"height":343},{"@type":"BreadcrumbList","@id":"https:\/\/www.caroocreations.com\/?product=broderie-2#breadcrumb","itemListElement":[{"@type":"ListItem","position":1,"name":"Accueil","item":"https:\/\/www.caroocreations.com\/"},{"@type":"ListItem","position":2,"name":"Boutique","item":"https:\/\/www.caroocreations.com\/?page_id=345"},{"@type":"ListItem","position":3,"name":"Fichier de broderie sp\u00e9cial f\u00eate des m\u00e8res"}]},{"@type":"WebSite","@id":"https:\/\/www.caroocreations.com\/#website","url":"https:\/\/www.caroocreations.com\/","name":"Caroo Creations","description":"Low fashion mode &amp; accessoires","publisher":{"@id":"https:\/\/www.caroocreations.com\/#organization"},"potentialAction":[{"@type":"SearchAction","target":{"@type":"EntryPoint","urlTemplate":"https:\/\/www.caroocreations.com\/?s={search_term_string}"},"query-input":{"@type":"PropertyValueSpecification","valueRequired":true,"valueName":"search_term_string"}}],"inLanguage":"fr-FR"},{"@type":"Organization","@id":"https:\/\/www.caroocreations.com\/#organization","name":"Caroo Creations","url":"https:\/\/www.caroocreations.com\/","logo":{"@type":"ImageObject","inLanguage":"fr-FR","@id":"https:\/\/www.caroocreations.com\/#\/schema\/logo\/image\/","url":"https:\/\/www.caroocreations.com\/wp-content\/uploads\/2023\/07\/logovf-caroo-creations.jpg","contentUrl":"https:\/\/www.caroocreations.com\/wp-content\/uploads\/2023\/07\/logovf-caroo-creations.jpg","width":532,"height":410,"caption":"Caroo Creations"},"image":{"@id":"https:\/\/www.caroocreations.com\/#\/schema\/logo\/image\/"},"sameAs":["https:\/\/www.facebook.com\/caroocreations","https:\/\/www.instagram.com\/caroocreations\/","https:\/\/www.youtube.com\/@carolinewilt3837","https:\/\/www.threads.net\/"]}]}},"jetpack_sharing_enabled":true,"_links":{"self":[{"href":"https:\/\/www.caroocreations.com\/index.php?rest_route=\/wp\/v2\/product\/473","targetHints":{"allow":["GET"]}}],"collection":[{"href":"https:\/\/www.caroocreations.com\/index.php?rest_route=\/wp\/v2\/product"}],"about":[{"href":"https:\/\/www.caroocreations.com\/index.php?rest_route=\/wp\/v2\/types\/product"}],"replies":[{"embeddable":true,"href":"https:\/\/www.caroocreations.com\/index.php?rest_route=%2Fwp%2Fv2%2Fcomments&post=473"}],"version-history":[{"count":0,"href":"https:\/\/www.caroocreations.com\/index.php?rest_route=\/wp\/v2\/product\/473\/revisions"}],"wp:featuredmedia":[{"embeddable":true,"href":"https:\/\/www.caroocreations.com\/index.php?rest_route=\/wp\/v2\/media\/475"}],"wp:attachment":[{"href":"https:\/\/www.caroocreations.com\/index.php?rest_route=%2Fwp%2Fv2%2Fmedia&parent=473"}],"wp:term":[{"taxonomy":"product_brand","embeddable":true,"href":"https:\/\/www.caroocreations.com\/index.php?rest_route=%2Fwp%2Fv2%2Fproduct_brand&post=473"},{"taxonomy":"product_cat","embeddable":true,"href":"https:\/\/www.caroocreations.com\/index.php?rest_route=%2Fwp%2Fv2%2Fproduct_cat&post=473"},{"taxonomy":"product_tag","embeddable":true,"href":"https:\/\/www.caroocreations.com\/index.php?rest_route=%2Fwp%2Fv2%2Fproduct_tag&post=473"}],"curies":[{"name":"wp","href":"https:\/\/api.w.org\/{rel}","templated":true}]}}