{"id":677,"date":"2024-11-25T18:59:35","date_gmt":"2024-11-25T17:59:35","guid":{"rendered":"https:\/\/www.caroocreations.com\/?post_type=product&#038;p=677"},"modified":"2024-11-25T19:06:25","modified_gmt":"2024-11-25T18:06:25","slug":"fichier-de-broderie-noel-petit-renne-mignon","status":"publish","type":"product","link":"https:\/\/www.caroocreations.com\/?product=fichier-de-broderie-noel-petit-renne-mignon","title":{"rendered":"Fichier de broderie No\u00ebl Petit Renne mignon"},"content":{"rendered":"<div class=\"flex-shrink-0 flex flex-col relative items-end\">\n<div>\n<div class=\"pt-0\">\n<div class=\"gizmo-bot-avatar flex h-8 w-8 items-center justify-center overflow-hidden rounded-full\">\n<div class=\"relative p-1 rounded-sm flex items-center justify-center bg-token-main-surface-primary text-token-text-primary h-8 w-8\"><\/div>\n<\/div>\n<\/div>\n<\/div>\n<\/div>\n<div class=\"group\/conversation-turn relative flex w-full min-w-0 flex-col agent-turn\">\n<div class=\"flex-col gap-1 md:gap-3\">\n<div class=\"flex max-w-full flex-col flex-grow\">\n<div class=\"min-h-8 text-message flex w-full flex-col items-end gap-2 whitespace-normal break-words [.text-message+&amp;]:mt-5\" dir=\"auto\" data-message-author-role=\"assistant\" data-message-id=\"94a9d33d-eee1-437c-8560-925e7126bebd\" data-message-model-slug=\"gpt-4o\">\n<div class=\"flex w-full flex-col gap-1 empty:hidden first:pt-[3px]\">\n<div class=\"markdown prose w-full break-words dark:prose-invert light\">\n<p>Ajoutez un esprit ludique et festif \u00e0 vos cr\u00e9ations avec ce fichier de broderie \u00ab\u00a0Petit Renne de No\u00ebl\u00a0\u00bb \ud83e\udd8c\u2728. Ce motif adorable, parfait pour les f\u00eates de fin d&rsquo;ann\u00e9e, donnera une touche joyeuse et chaleureuse \u00e0 vos v\u00eatements, accessoires ou d\u00e9corations. Avec ses d\u00e9tails charmants, comme les bois d\u00e9cor\u00e9s de guirlandes, il ravira petits et grands !<\/p>\n<p><strong>D\u00e9tails techniques :<\/strong><\/p>\n<ul>\n<li>Motif : Petit renne avec nez rouge et bois d\u00e9cor\u00e9s<\/li>\n<li>Dimensions : 6,8 x 9,8 cm<\/li>\n<li>Formats 10o DST EXP HUS JEF PEC VIP VP3 VP4 XXX<\/li>\n<li>compatibles Brother, Toyota, Husqvarna, Pfaff, Janome, Tajima, Singer<\/li>\n<li>Niveau : Facile \u00e0 interm\u00e9diaire<\/li>\n<\/ul>\n<p>T\u00e9l\u00e9chargez ce design unique et apportez un peu de magie de No\u00ebl \u00e0 vos projets textiles ! \ud83c\udf84\ud83e\udd8c<\/p>\n<p>Formats 10o DST EXP HUS JEF PEC VIP VP3 VP4 XXX<\/p>\n<p>compatibles Brother, Toyota, Husqvarna, Pfaff, Janome, Tajima, Singer<\/p>\n<\/div>\n<\/div>\n<\/div>\n<\/div>\n<\/div>\n<\/div>\n<p>T\u00e9l\u00e9chargement imm\u00e9diat apr\u00e8s l&rsquo;achat<\/p>\n","protected":false},"excerpt":{"rendered":"<p>Ajoutez une touche festive \u00e0 vos cr\u00e9ations avec ce fichier de broderie machine sp\u00e9cial No\u00ebl &lsquo;Ho Ho Ho&rsquo; \u2728.<\/p>\n<p>T\u00e9l\u00e9chargeable en formats PES, DST, JEF et bien d&rsquo;autres, il est parfait pour vos projets textiles et d\u00e9corations de f\u00eates. Id\u00e9al pour d\u00e9butants et experts !<\/p>\n","protected":false},"featured_media":678,"comment_status":"open","ping_status":"closed","template":"","meta":{"_crdt_document":"","jetpack_post_was_ever_published":false},"product_brand":[],"product_cat":[26],"product_tag":[],"class_list":{"0":"post-677","1":"product","2":"type-product","3":"status-publish","4":"has-post-thumbnail","6":"product_cat-fichiers-de-broderie","8":"first","9":"instock","10":"downloadable","11":"virtual","12":"purchasable","13":"product-type-simple"},"yoast_head":"<!-- This site is optimized with the Yoast SEO plugin v27.1.1 - https:\/\/yoast.com\/product\/yoast-seo-wordpress\/ -->\n<title>Fichier de broderie No\u00ebl Petit Renne mignon - Caroo Creations<\/title>\n<meta name=\"description\" content=\"Apportez une touche hivernale \u00e0 vos projets textiles avec ce fichier de broderie &#039;Let It Snow&#039; \u2744\ufe0f. T\u00e9l\u00e9chargeable en formats PES, DST, JEF, et plus, il est parfait pour personnaliser v\u00eatements et d\u00e9corations. Compatible avec toutes les machines \u00e0 broder !Brodez un adorable renne de No\u00ebl avec ce fichier machine disponible en formats PES, DST, JEF et plus. Parfait pour vos projets festifs, v\u00eatements, et d\u00e9corations. Facile \u00e0 utiliser sur toutes les machines \u00e0 broder !\" \/>\n<meta name=\"robots\" content=\"index, follow, max-snippet:-1, max-image-preview:large, max-video-preview:-1\" \/>\n<link rel=\"canonical\" href=\"https:\/\/www.caroocreations.com\/?product=fichier-de-broderie-noel-petit-renne-mignon\" \/>\n<meta property=\"og:locale\" content=\"fr_FR\" \/>\n<meta property=\"og:type\" content=\"article\" \/>\n<meta property=\"og:title\" content=\"Fichier de broderie No\u00ebl Petit Renne mignon - Caroo Creations\" \/>\n<meta property=\"og:description\" content=\"Apportez une touche hivernale \u00e0 vos projets textiles avec ce fichier de broderie &#039;Let It Snow&#039; \u2744\ufe0f. T\u00e9l\u00e9chargeable en formats PES, DST, JEF, et plus, il est parfait pour personnaliser v\u00eatements et d\u00e9corations. Compatible avec toutes les machines \u00e0 broder !Brodez un adorable renne de No\u00ebl avec ce fichier machine disponible en formats PES, DST, JEF et plus. Parfait pour vos projets festifs, v\u00eatements, et d\u00e9corations. Facile \u00e0 utiliser sur toutes les machines \u00e0 broder !\" \/>\n<meta property=\"og:url\" content=\"https:\/\/www.caroocreations.com\/?product=fichier-de-broderie-noel-petit-renne-mignon\" \/>\n<meta property=\"og:site_name\" content=\"Caroo Creations\" \/>\n<meta property=\"article:publisher\" content=\"https:\/\/www.facebook.com\/caroocreations\" \/>\n<meta property=\"article:modified_time\" content=\"2024-11-25T18:06:25+00:00\" \/>\n<meta property=\"og:image\" content=\"https:\/\/www.caroocreations.com\/wp-content\/uploads\/2024\/11\/Capture-decran-2024-11-25-185954-Photoroom.jpg\" \/>\n\t<meta property=\"og:image:width\" content=\"492\" \/>\n\t<meta property=\"og:image:height\" content=\"471\" \/>\n\t<meta property=\"og:image:type\" content=\"image\/jpeg\" \/>\n<meta name=\"twitter:card\" content=\"summary_large_image\" \/>\n<meta name=\"twitter:label1\" content=\"Dur\u00e9e de lecture estim\u00e9e\" \/>\n\t<meta name=\"twitter:data1\" content=\"1 minute\" \/>\n<script type=\"application\/ld+json\" class=\"yoast-schema-graph\">{\"@context\":\"https:\/\/schema.org\",\"@graph\":[{\"@type\":\"WebPage\",\"@id\":\"https:\/\/www.caroocreations.com\/?product=fichier-de-broderie-noel-petit-renne-mignon\",\"url\":\"https:\/\/www.caroocreations.com\/?product=fichier-de-broderie-noel-petit-renne-mignon\",\"name\":\"Fichier de broderie No\u00ebl Petit Renne mignon - Caroo Creations\",\"isPartOf\":{\"@id\":\"https:\/\/www.caroocreations.com\/#website\"},\"primaryImageOfPage\":{\"@id\":\"https:\/\/www.caroocreations.com\/?product=fichier-de-broderie-noel-petit-renne-mignon#primaryimage\"},\"image\":{\"@id\":\"https:\/\/www.caroocreations.com\/?product=fichier-de-broderie-noel-petit-renne-mignon#primaryimage\"},\"thumbnailUrl\":\"https:\/\/www.caroocreations.com\/wp-content\/uploads\/2024\/11\/Capture-decran-2024-11-25-185954-Photoroom.jpg\",\"datePublished\":\"2024-11-25T17:59:35+00:00\",\"dateModified\":\"2024-11-25T18:06:25+00:00\",\"description\":\"Apportez une touche hivernale \u00e0 vos projets textiles avec ce fichier de broderie 'Let It Snow' \u2744\ufe0f. T\u00e9l\u00e9chargeable en formats PES, DST, JEF, et plus, il est parfait pour personnaliser v\u00eatements et d\u00e9corations. Compatible avec toutes les machines \u00e0 broder !Brodez un adorable renne de No\u00ebl avec ce fichier machine disponible en formats PES, DST, JEF et plus. Parfait pour vos projets festifs, v\u00eatements, et d\u00e9corations. Facile \u00e0 utiliser sur toutes les machines \u00e0 broder !\",\"breadcrumb\":{\"@id\":\"https:\/\/www.caroocreations.com\/?product=fichier-de-broderie-noel-petit-renne-mignon#breadcrumb\"},\"inLanguage\":\"fr-FR\",\"potentialAction\":[{\"@type\":\"ReadAction\",\"target\":[\"https:\/\/www.caroocreations.com\/?product=fichier-de-broderie-noel-petit-renne-mignon\"]}]},{\"@type\":\"ImageObject\",\"inLanguage\":\"fr-FR\",\"@id\":\"https:\/\/www.caroocreations.com\/?product=fichier-de-broderie-noel-petit-renne-mignon#primaryimage\",\"url\":\"https:\/\/www.caroocreations.com\/wp-content\/uploads\/2024\/11\/Capture-decran-2024-11-25-185954-Photoroom.jpg\",\"contentUrl\":\"https:\/\/www.caroocreations.com\/wp-content\/uploads\/2024\/11\/Capture-decran-2024-11-25-185954-Photoroom.jpg\",\"width\":492,\"height\":471},{\"@type\":\"BreadcrumbList\",\"@id\":\"https:\/\/www.caroocreations.com\/?product=fichier-de-broderie-noel-petit-renne-mignon#breadcrumb\",\"itemListElement\":[{\"@type\":\"ListItem\",\"position\":1,\"name\":\"Accueil\",\"item\":\"https:\/\/www.caroocreations.com\/\"},{\"@type\":\"ListItem\",\"position\":2,\"name\":\"Boutique\",\"item\":\"https:\/\/www.caroocreations.com\/?page_id=345\"},{\"@type\":\"ListItem\",\"position\":3,\"name\":\"Fichier de broderie No\u00ebl Petit Renne mignon\"}]},{\"@type\":\"WebSite\",\"@id\":\"https:\/\/www.caroocreations.com\/#website\",\"url\":\"https:\/\/www.caroocreations.com\/\",\"name\":\"Caroo Creations\",\"description\":\"Low fashion mode &amp; accessoires\",\"publisher\":{\"@id\":\"https:\/\/www.caroocreations.com\/#organization\"},\"potentialAction\":[{\"@type\":\"SearchAction\",\"target\":{\"@type\":\"EntryPoint\",\"urlTemplate\":\"https:\/\/www.caroocreations.com\/?s={search_term_string}\"},\"query-input\":{\"@type\":\"PropertyValueSpecification\",\"valueRequired\":true,\"valueName\":\"search_term_string\"}}],\"inLanguage\":\"fr-FR\"},{\"@type\":\"Organization\",\"@id\":\"https:\/\/www.caroocreations.com\/#organization\",\"name\":\"Caroo Creations\",\"url\":\"https:\/\/www.caroocreations.com\/\",\"logo\":{\"@type\":\"ImageObject\",\"inLanguage\":\"fr-FR\",\"@id\":\"https:\/\/www.caroocreations.com\/#\/schema\/logo\/image\/\",\"url\":\"https:\/\/www.caroocreations.com\/wp-content\/uploads\/2023\/07\/logovf-caroo-creations.jpg\",\"contentUrl\":\"https:\/\/www.caroocreations.com\/wp-content\/uploads\/2023\/07\/logovf-caroo-creations.jpg\",\"width\":532,\"height\":410,\"caption\":\"Caroo Creations\"},\"image\":{\"@id\":\"https:\/\/www.caroocreations.com\/#\/schema\/logo\/image\/\"},\"sameAs\":[\"https:\/\/www.facebook.com\/caroocreations\",\"https:\/\/www.instagram.com\/caroocreations\/\",\"https:\/\/www.youtube.com\/@carolinewilt3837\",\"https:\/\/www.threads.net\/\"]}]}<\/script>\n<!-- \/ Yoast SEO plugin. -->","yoast_head_json":{"title":"Fichier de broderie No\u00ebl Petit Renne mignon - Caroo Creations","description":"Apportez une touche hivernale \u00e0 vos projets textiles avec ce fichier de broderie 'Let It Snow' \u2744\ufe0f. T\u00e9l\u00e9chargeable en formats PES, DST, JEF, et plus, il est parfait pour personnaliser v\u00eatements et d\u00e9corations. Compatible avec toutes les machines \u00e0 broder !Brodez un adorable renne de No\u00ebl avec ce fichier machine disponible en formats PES, DST, JEF et plus. Parfait pour vos projets festifs, v\u00eatements, et d\u00e9corations. Facile \u00e0 utiliser sur toutes les machines \u00e0 broder !","robots":{"index":"index","follow":"follow","max-snippet":"max-snippet:-1","max-image-preview":"max-image-preview:large","max-video-preview":"max-video-preview:-1"},"canonical":"https:\/\/www.caroocreations.com\/?product=fichier-de-broderie-noel-petit-renne-mignon","og_locale":"fr_FR","og_type":"article","og_title":"Fichier de broderie No\u00ebl Petit Renne mignon - Caroo Creations","og_description":"Apportez une touche hivernale \u00e0 vos projets textiles avec ce fichier de broderie 'Let It Snow' \u2744\ufe0f. T\u00e9l\u00e9chargeable en formats PES, DST, JEF, et plus, il est parfait pour personnaliser v\u00eatements et d\u00e9corations. Compatible avec toutes les machines \u00e0 broder !Brodez un adorable renne de No\u00ebl avec ce fichier machine disponible en formats PES, DST, JEF et plus. Parfait pour vos projets festifs, v\u00eatements, et d\u00e9corations. Facile \u00e0 utiliser sur toutes les machines \u00e0 broder !","og_url":"https:\/\/www.caroocreations.com\/?product=fichier-de-broderie-noel-petit-renne-mignon","og_site_name":"Caroo Creations","article_publisher":"https:\/\/www.facebook.com\/caroocreations","article_modified_time":"2024-11-25T18:06:25+00:00","og_image":[{"width":492,"height":471,"url":"https:\/\/www.caroocreations.com\/wp-content\/uploads\/2024\/11\/Capture-decran-2024-11-25-185954-Photoroom.jpg","type":"image\/jpeg"}],"twitter_card":"summary_large_image","twitter_misc":{"Dur\u00e9e de lecture estim\u00e9e":"1 minute"},"schema":{"@context":"https:\/\/schema.org","@graph":[{"@type":"WebPage","@id":"https:\/\/www.caroocreations.com\/?product=fichier-de-broderie-noel-petit-renne-mignon","url":"https:\/\/www.caroocreations.com\/?product=fichier-de-broderie-noel-petit-renne-mignon","name":"Fichier de broderie No\u00ebl Petit Renne mignon - Caroo Creations","isPartOf":{"@id":"https:\/\/www.caroocreations.com\/#website"},"primaryImageOfPage":{"@id":"https:\/\/www.caroocreations.com\/?product=fichier-de-broderie-noel-petit-renne-mignon#primaryimage"},"image":{"@id":"https:\/\/www.caroocreations.com\/?product=fichier-de-broderie-noel-petit-renne-mignon#primaryimage"},"thumbnailUrl":"https:\/\/www.caroocreations.com\/wp-content\/uploads\/2024\/11\/Capture-decran-2024-11-25-185954-Photoroom.jpg","datePublished":"2024-11-25T17:59:35+00:00","dateModified":"2024-11-25T18:06:25+00:00","description":"Apportez une touche hivernale \u00e0 vos projets textiles avec ce fichier de broderie 'Let It Snow' \u2744\ufe0f. T\u00e9l\u00e9chargeable en formats PES, DST, JEF, et plus, il est parfait pour personnaliser v\u00eatements et d\u00e9corations. Compatible avec toutes les machines \u00e0 broder !Brodez un adorable renne de No\u00ebl avec ce fichier machine disponible en formats PES, DST, JEF et plus. Parfait pour vos projets festifs, v\u00eatements, et d\u00e9corations. Facile \u00e0 utiliser sur toutes les machines \u00e0 broder !","breadcrumb":{"@id":"https:\/\/www.caroocreations.com\/?product=fichier-de-broderie-noel-petit-renne-mignon#breadcrumb"},"inLanguage":"fr-FR","potentialAction":[{"@type":"ReadAction","target":["https:\/\/www.caroocreations.com\/?product=fichier-de-broderie-noel-petit-renne-mignon"]}]},{"@type":"ImageObject","inLanguage":"fr-FR","@id":"https:\/\/www.caroocreations.com\/?product=fichier-de-broderie-noel-petit-renne-mignon#primaryimage","url":"https:\/\/www.caroocreations.com\/wp-content\/uploads\/2024\/11\/Capture-decran-2024-11-25-185954-Photoroom.jpg","contentUrl":"https:\/\/www.caroocreations.com\/wp-content\/uploads\/2024\/11\/Capture-decran-2024-11-25-185954-Photoroom.jpg","width":492,"height":471},{"@type":"BreadcrumbList","@id":"https:\/\/www.caroocreations.com\/?product=fichier-de-broderie-noel-petit-renne-mignon#breadcrumb","itemListElement":[{"@type":"ListItem","position":1,"name":"Accueil","item":"https:\/\/www.caroocreations.com\/"},{"@type":"ListItem","position":2,"name":"Boutique","item":"https:\/\/www.caroocreations.com\/?page_id=345"},{"@type":"ListItem","position":3,"name":"Fichier de broderie No\u00ebl Petit Renne mignon"}]},{"@type":"WebSite","@id":"https:\/\/www.caroocreations.com\/#website","url":"https:\/\/www.caroocreations.com\/","name":"Caroo Creations","description":"Low fashion mode &amp; accessoires","publisher":{"@id":"https:\/\/www.caroocreations.com\/#organization"},"potentialAction":[{"@type":"SearchAction","target":{"@type":"EntryPoint","urlTemplate":"https:\/\/www.caroocreations.com\/?s={search_term_string}"},"query-input":{"@type":"PropertyValueSpecification","valueRequired":true,"valueName":"search_term_string"}}],"inLanguage":"fr-FR"},{"@type":"Organization","@id":"https:\/\/www.caroocreations.com\/#organization","name":"Caroo Creations","url":"https:\/\/www.caroocreations.com\/","logo":{"@type":"ImageObject","inLanguage":"fr-FR","@id":"https:\/\/www.caroocreations.com\/#\/schema\/logo\/image\/","url":"https:\/\/www.caroocreations.com\/wp-content\/uploads\/2023\/07\/logovf-caroo-creations.jpg","contentUrl":"https:\/\/www.caroocreations.com\/wp-content\/uploads\/2023\/07\/logovf-caroo-creations.jpg","width":532,"height":410,"caption":"Caroo Creations"},"image":{"@id":"https:\/\/www.caroocreations.com\/#\/schema\/logo\/image\/"},"sameAs":["https:\/\/www.facebook.com\/caroocreations","https:\/\/www.instagram.com\/caroocreations\/","https:\/\/www.youtube.com\/@carolinewilt3837","https:\/\/www.threads.net\/"]}]}},"jetpack_sharing_enabled":true,"_links":{"self":[{"href":"https:\/\/www.caroocreations.com\/index.php?rest_route=\/wp\/v2\/product\/677","targetHints":{"allow":["GET"]}}],"collection":[{"href":"https:\/\/www.caroocreations.com\/index.php?rest_route=\/wp\/v2\/product"}],"about":[{"href":"https:\/\/www.caroocreations.com\/index.php?rest_route=\/wp\/v2\/types\/product"}],"replies":[{"embeddable":true,"href":"https:\/\/www.caroocreations.com\/index.php?rest_route=%2Fwp%2Fv2%2Fcomments&post=677"}],"version-history":[{"count":0,"href":"https:\/\/www.caroocreations.com\/index.php?rest_route=\/wp\/v2\/product\/677\/revisions"}],"wp:featuredmedia":[{"embeddable":true,"href":"https:\/\/www.caroocreations.com\/index.php?rest_route=\/wp\/v2\/media\/678"}],"wp:attachment":[{"href":"https:\/\/www.caroocreations.com\/index.php?rest_route=%2Fwp%2Fv2%2Fmedia&parent=677"}],"wp:term":[{"taxonomy":"product_brand","embeddable":true,"href":"https:\/\/www.caroocreations.com\/index.php?rest_route=%2Fwp%2Fv2%2Fproduct_brand&post=677"},{"taxonomy":"product_cat","embeddable":true,"href":"https:\/\/www.caroocreations.com\/index.php?rest_route=%2Fwp%2Fv2%2Fproduct_cat&post=677"},{"taxonomy":"product_tag","embeddable":true,"href":"https:\/\/www.caroocreations.com\/index.php?rest_route=%2Fwp%2Fv2%2Fproduct_tag&post=677"}],"curies":[{"name":"wp","href":"https:\/\/api.w.org\/{rel}","templated":true}]}}